{"id":345,"date":"2023-11-14T11:26:22","date_gmt":"2023-11-14T10:26:22","guid":{"rendered":"https:\/\/blog.jaguarswisswatches.com\/blog\/"},"modified":"2023-11-27T17:36:46","modified_gmt":"2023-11-27T16:36:46","slug":"el-blog-de-jaguar-watches","status":"publish","type":"page","link":"https:\/\/blog.jaguarswisswatches.com\/pt-pt\/el-blog-de-jaguar-watches\/","title":{"rendered":"Blog da Jaguar Watches"},"content":{"rendered":"","protected":false},"excerpt":{"rendered":"","protected":false},"author":1,"featured_media":0,"parent":0,"menu_order":0,"comment_status":"closed","ping_status":"closed","template":"","meta":{"footnotes":""},"class_list":["post-345","page","type-page","status-publish","hentry"],"yoast_head":"<!-- This site is optimized with the Yoast SEO plugin v27.1.1 - https:\/\/yoast.com\/product\/yoast-seo-wordpress\/ -->\n<title>Jaguar Swiss Watches Blog | Blog de Relojes Suizos Jaguar<\/title>\n<meta name=\"description\" content=\"Desde 1938, a Jaguar Watches encarna o esp\u00edrito indom\u00e1vel da mais aut\u00eantica beleza, fundida com a mais refinada tradi\u00e7\u00e3o relojoeira su\u00ed\u00e7a.\" \/>\n<meta name=\"robots\" content=\"index, follow, max-snippet:-1, max-image-preview:large, max-video-preview:-1\" \/>\n<link rel=\"canonical\" href=\"https:\/\/blog.jaguarswisswatches.com\/pt-pt\/el-blog-de-jaguar-watches\/\" \/>\n<meta property=\"og:locale\" content=\"pt_PT\" \/>\n<meta property=\"og:type\" content=\"article\" \/>\n<meta property=\"og:title\" content=\"Jaguar Swiss Watches Blog | Blog de Relojes Suizos Jaguar\" \/>\n<meta property=\"og:description\" content=\"Desde 1938, a Jaguar Watches encarna o esp\u00edrito indom\u00e1vel da mais aut\u00eantica beleza, fundida com a mais refinada tradi\u00e7\u00e3o relojoeira su\u00ed\u00e7a.\" \/>\n<meta property=\"og:url\" content=\"https:\/\/blog.jaguarswisswatches.com\/pt-pt\/el-blog-de-jaguar-watches\/\" \/>\n<meta property=\"og:site_name\" content=\"Jaguar Swiss Watches Blog | Blog de Relojes Suizos Jaguar\" \/>\n<meta property=\"article:publisher\" content=\"https:\/\/www.facebook.com\/JaguarWatches\" \/>\n<meta property=\"article:modified_time\" content=\"2023-11-27T16:36:46+00:00\" \/>\n<meta name=\"twitter:card\" content=\"summary_large_image\" \/>\n<script type=\"application\/ld+json\" class=\"yoast-schema-graph\">{\"@context\":\"https:\/\/schema.org\",\"@graph\":[{\"@type\":\"WebPage\",\"@id\":\"https:\/\/blog.jaguarswisswatches.com\/pt-pt\/el-blog-de-jaguar-watches\/\",\"url\":\"https:\/\/blog.jaguarswisswatches.com\/pt-pt\/el-blog-de-jaguar-watches\/\",\"name\":\"Jaguar Swiss Watches Blog | Blog de Relojes Suizos Jaguar\",\"isPartOf\":{\"@id\":\"https:\/\/blog.jaguarswisswatches.com\/pt-pt\/#website\"},\"datePublished\":\"2023-11-14T10:26:22+00:00\",\"dateModified\":\"2023-11-27T16:36:46+00:00\",\"description\":\"Desde 1938, a Jaguar Watches encarna o esp\u00edrito indom\u00e1vel da mais aut\u00eantica beleza, fundida com a mais refinada tradi\u00e7\u00e3o relojoeira su\u00ed\u00e7a.\",\"breadcrumb\":{\"@id\":\"https:\/\/blog.jaguarswisswatches.com\/pt-pt\/el-blog-de-jaguar-watches\/#breadcrumb\"},\"inLanguage\":\"pt-PT\",\"potentialAction\":[{\"@type\":\"ReadAction\",\"target\":[\"https:\/\/blog.jaguarswisswatches.com\/pt-pt\/el-blog-de-jaguar-watches\/\"]}]},{\"@type\":\"BreadcrumbList\",\"@id\":\"https:\/\/blog.jaguarswisswatches.com\/pt-pt\/el-blog-de-jaguar-watches\/#breadcrumb\",\"itemListElement\":[{\"@type\":\"ListItem\",\"position\":1,\"name\":\"Portada\",\"item\":\"https:\/\/blog.jaguarswisswatches.com\/pt-pt\/\"},{\"@type\":\"ListItem\",\"position\":2,\"name\":\"Blog da Jaguar Watches\"}]},{\"@type\":\"WebSite\",\"@id\":\"https:\/\/blog.jaguarswisswatches.com\/pt-pt\/#website\",\"url\":\"https:\/\/blog.jaguarswisswatches.com\/pt-pt\/\",\"name\":\"Jaguar Watches Blog | Blog de Jaguar Watches\",\"description\":\"Blog de relojes Suizos Jaguar\",\"publisher\":{\"@id\":\"https:\/\/blog.jaguarswisswatches.com\/pt-pt\/#organization\"},\"potentialAction\":[{\"@type\":\"SearchAction\",\"target\":{\"@type\":\"EntryPoint\",\"urlTemplate\":\"https:\/\/blog.jaguarswisswatches.com\/pt-pt\/?s={search_term_string}\"},\"query-input\":{\"@type\":\"PropertyValueSpecification\",\"valueRequired\":true,\"valueName\":\"search_term_string\"}}],\"inLanguage\":\"pt-PT\"},{\"@type\":\"Organization\",\"@id\":\"https:\/\/blog.jaguarswisswatches.com\/pt-pt\/#organization\",\"name\":\"Jaguar Swiss Watches\",\"url\":\"https:\/\/blog.jaguarswisswatches.com\/pt-pt\/\",\"logo\":{\"@type\":\"ImageObject\",\"inLanguage\":\"pt-PT\",\"@id\":\"https:\/\/blog.jaguarswisswatches.com\/pt-pt\/#\/schema\/logo\/image\/\",\"url\":\"https:\/\/blog.jaguarswisswatches.com\/wp-content\/uploads\/2023\/11\/JAGUAR-black.jpg\",\"contentUrl\":\"https:\/\/blog.jaguarswisswatches.com\/wp-content\/uploads\/2023\/11\/JAGUAR-black.jpg\",\"width\":1121,\"height\":716,\"caption\":\"Jaguar Swiss Watches\"},\"image\":{\"@id\":\"https:\/\/blog.jaguarswisswatches.com\/pt-pt\/#\/schema\/logo\/image\/\"},\"sameAs\":[\"https:\/\/www.facebook.com\/JaguarWatches\",\"https:\/\/www.instagram.com\/jaguar.watches\/\",\"https:\/\/www.youtube.com\/@jaguar.watches\"]}]}<\/script>\n<!-- \/ Yoast SEO plugin. -->","yoast_head_json":{"title":"Jaguar Swiss Watches Blog | Blog de Relojes Suizos Jaguar","description":"Desde 1938, a Jaguar Watches encarna o esp\u00edrito indom\u00e1vel da mais aut\u00eantica beleza, fundida com a mais refinada tradi\u00e7\u00e3o relojoeira su\u00ed\u00e7a.","robots":{"index":"index","follow":"follow","max-snippet":"max-snippet:-1","max-image-preview":"max-image-preview:large","max-video-preview":"max-video-preview:-1"},"canonical":"https:\/\/blog.jaguarswisswatches.com\/pt-pt\/el-blog-de-jaguar-watches\/","og_locale":"pt_PT","og_type":"article","og_title":"Jaguar Swiss Watches Blog | Blog de Relojes Suizos Jaguar","og_description":"Desde 1938, a Jaguar Watches encarna o esp\u00edrito indom\u00e1vel da mais aut\u00eantica beleza, fundida com a mais refinada tradi\u00e7\u00e3o relojoeira su\u00ed\u00e7a.","og_url":"https:\/\/blog.jaguarswisswatches.com\/pt-pt\/el-blog-de-jaguar-watches\/","og_site_name":"Jaguar Swiss Watches Blog | Blog de Relojes Suizos Jaguar","article_publisher":"https:\/\/www.facebook.com\/JaguarWatches","article_modified_time":"2023-11-27T16:36:46+00:00","twitter_card":"summary_large_image","schema":{"@context":"https:\/\/schema.org","@graph":[{"@type":"WebPage","@id":"https:\/\/blog.jaguarswisswatches.com\/pt-pt\/el-blog-de-jaguar-watches\/","url":"https:\/\/blog.jaguarswisswatches.com\/pt-pt\/el-blog-de-jaguar-watches\/","name":"Jaguar Swiss Watches Blog | Blog de Relojes Suizos Jaguar","isPartOf":{"@id":"https:\/\/blog.jaguarswisswatches.com\/pt-pt\/#website"},"datePublished":"2023-11-14T10:26:22+00:00","dateModified":"2023-11-27T16:36:46+00:00","description":"Desde 1938, a Jaguar Watches encarna o esp\u00edrito indom\u00e1vel da mais aut\u00eantica beleza, fundida com a mais refinada tradi\u00e7\u00e3o relojoeira su\u00ed\u00e7a.","breadcrumb":{"@id":"https:\/\/blog.jaguarswisswatches.com\/pt-pt\/el-blog-de-jaguar-watches\/#breadcrumb"},"inLanguage":"pt-PT","potentialAction":[{"@type":"ReadAction","target":["https:\/\/blog.jaguarswisswatches.com\/pt-pt\/el-blog-de-jaguar-watches\/"]}]},{"@type":"BreadcrumbList","@id":"https:\/\/blog.jaguarswisswatches.com\/pt-pt\/el-blog-de-jaguar-watches\/#breadcrumb","itemListElement":[{"@type":"ListItem","position":1,"name":"Portada","item":"https:\/\/blog.jaguarswisswatches.com\/pt-pt\/"},{"@type":"ListItem","position":2,"name":"Blog da Jaguar Watches"}]},{"@type":"WebSite","@id":"https:\/\/blog.jaguarswisswatches.com\/pt-pt\/#website","url":"https:\/\/blog.jaguarswisswatches.com\/pt-pt\/","name":"Jaguar Watches Blog | Blog de Jaguar Watches","description":"Blog de relojes Suizos Jaguar","publisher":{"@id":"https:\/\/blog.jaguarswisswatches.com\/pt-pt\/#organization"},"potentialAction":[{"@type":"SearchAction","target":{"@type":"EntryPoint","urlTemplate":"https:\/\/blog.jaguarswisswatches.com\/pt-pt\/?s={search_term_string}"},"query-input":{"@type":"PropertyValueSpecification","valueRequired":true,"valueName":"search_term_string"}}],"inLanguage":"pt-PT"},{"@type":"Organization","@id":"https:\/\/blog.jaguarswisswatches.com\/pt-pt\/#organization","name":"Jaguar Swiss Watches","url":"https:\/\/blog.jaguarswisswatches.com\/pt-pt\/","logo":{"@type":"ImageObject","inLanguage":"pt-PT","@id":"https:\/\/blog.jaguarswisswatches.com\/pt-pt\/#\/schema\/logo\/image\/","url":"https:\/\/blog.jaguarswisswatches.com\/wp-content\/uploads\/2023\/11\/JAGUAR-black.jpg","contentUrl":"https:\/\/blog.jaguarswisswatches.com\/wp-content\/uploads\/2023\/11\/JAGUAR-black.jpg","width":1121,"height":716,"caption":"Jaguar Swiss Watches"},"image":{"@id":"https:\/\/blog.jaguarswisswatches.com\/pt-pt\/#\/schema\/logo\/image\/"},"sameAs":["https:\/\/www.facebook.com\/JaguarWatches","https:\/\/www.instagram.com\/jaguar.watches\/","https:\/\/www.youtube.com\/@jaguar.watches"]}]}},"_links":{"self":[{"href":"https:\/\/blog.jaguarswisswatches.com\/pt-pt\/wp-json\/wp\/v2\/pages\/345","targetHints":{"allow":["GET"]}}],"collection":[{"href":"https:\/\/blog.jaguarswisswatches.com\/pt-pt\/wp-json\/wp\/v2\/pages"}],"about":[{"href":"https:\/\/blog.jaguarswisswatches.com\/pt-pt\/wp-json\/wp\/v2\/types\/page"}],"author":[{"embeddable":true,"href":"https:\/\/blog.jaguarswisswatches.com\/pt-pt\/wp-json\/wp\/v2\/users\/1"}],"replies":[{"embeddable":true,"href":"https:\/\/blog.jaguarswisswatches.com\/pt-pt\/wp-json\/wp\/v2\/comments?post=345"}],"version-history":[{"count":2,"href":"https:\/\/blog.jaguarswisswatches.com\/pt-pt\/wp-json\/wp\/v2\/pages\/345\/revisions"}],"predecessor-version":[{"id":874,"href":"https:\/\/blog.jaguarswisswatches.com\/pt-pt\/wp-json\/wp\/v2\/pages\/345\/revisions\/874"}],"wp:attachment":[{"href":"https:\/\/blog.jaguarswisswatches.com\/pt-pt\/wp-json\/wp\/v2\/media?parent=345"}],"curies":[{"name":"wp","href":"https:\/\/api.w.org\/{rel}","templated":true}]}}